{"id":300,"date":"2019-04-21T08:04:42","date_gmt":"2019-04-21T08:04:42","guid":{"rendered":"http:\/\/ginseidank.de\/?page_id=300"},"modified":"2020-06-02T07:59:25","modified_gmt":"2020-06-02T07:59:25","slug":"impressum","status":"publish","type":"page","link":"https:\/\/ginseidank.de\/podcast\/impressum\/","title":{"rendered":"Impressum"},"content":{"rendered":"\n<h1 class=\"wp-block-heading\">Impressum<\/h1>\n\n\n\n<p>Angaben gem\u00e4\u00df \u00a7 5 TMG<\/p>\n\n\n\n<p>#Ginseidank Gbr<br> <br> <\/p>\n\n\n\n<p><strong>Vertreten durch: <\/strong><br>\nAlessandro De Angelis<br>\nFlorian Litzl<\/p>\n\n\n\n<p><strong>Kontakt:<\/strong> <br>\nE-Mail: <a href=\"mailto:info@ginseidank.de\">info@ginseidank.de<\/a><\/p>\n\n\n\n<p><strong>Verantwortlich f\u00fcr den Inhalt nach \u00a7 55 Abs. 2 RStV:<\/strong><br>\nAlessandro De Angelis <br>\nPappelweg 11<br>\n71706 Markgr\u00f6ningen <\/p>\n\n\n\n<p><strong>Haftungsausschluss: <\/strong><br> <br> <strong>Haftung f\u00fcr Links<\/strong><br> <br>Unser Angebot enth\u00e4lt Links zu externen Webseiten Dritter, auf deren  Inhalte wir keinen Einfluss haben. Deshalb k\u00f6nnen wir f\u00fcr diese fremden  Inhalte auch keine Gew\u00e4hr \u00fcbernehmen. F\u00fcr die Inhalte der verlinkten  Seiten ist stets der jeweilige Anbieter oder Betreiber  der Seiten verantwortlich. Die verlinkten Seiten wurden zum Zeitpunkt  der Verlinkung auf m\u00f6gliche Rechtsverst\u00f6\u00dfe \u00fcberpr\u00fcft. Rechtswidrige  Inhalte waren zum Zeitpunkt der Verlinkung nicht erkennbar. Eine  permanente inhaltliche Kontrolle der verlinkten Seiten  ist jedoch ohne konkrete Anhaltspunkte einer Rechtsverletzung nicht  zumutbar. Bei Bekanntwerden von Rechtsverletzungen werden wir derartige  Links umgehend entfernen.<br> <br> <strong>Urheberrecht<\/strong><br> <br>Die durch die Seitenbetreiber erstellten Inhalte und Werke auf diesen  Seiten unterliegen dem deutschen Urheberrecht. Die Vervielf\u00e4ltigung,  Bearbeitung, Verbreitung und jede Art der Verwertung au\u00dferhalb der  Grenzen des Urheberrechtes bed\u00fcrfen der schriftlichen  Zustimmung des jeweiligen Autors bzw. Erstellers. Downloads und Kopien  dieser Seite sind nur f\u00fcr den privaten, nicht kommerziellen Gebrauch  gestattet. Soweit die Inhalte auf dieser Seite nicht vom Betreiber  erstellt wurden, werden die Urheberrechte Dritter  beachtet. Insbesondere werden Inhalte Dritter als solche  gekennzeichnet. Sollten Sie trotzdem auf eine Urheberrechtsverletzung  aufmerksam werden, bitten wir um einen entsprechenden Hinweis. Bei  Bekanntwerden von Rechtsverletzungen werden wir derartige Inhalte  umgehend entfernen.<\/p>\n","protected":false},"excerpt":{"rendered":"<p>Impressum Angaben gem\u00e4\u00df \u00a7 5 TMG #Ginseidank Gbr Vertreten durch: Alessandro De Angelis Florian Litzl Kontakt: E-Mail: info@ginseidank.de Verantwortlich f\u00fcr den Inhalt nach \u00a7 55 Abs. 2 RStV: Alessandro De Angelis Pappelweg 11 71706 Markgr\u00f6ningen Haftungsausschluss: Haftung f\u00fcr Links Unser Angebot enth\u00e4lt Links zu externen Webseiten Dritter, auf deren Inhalte wir keinen Einfluss haben. Deshalb &hellip; <\/p>\n<p class=\"link-more\"><a href=\"https:\/\/ginseidank.de\/podcast\/impressum\/\" class=\"more-link\"><span class=\"screen-reader-text\">\u201eImpressum\u201c <\/span>weiterlesen<\/a><\/p>\n","protected":false},"author":1,"featured_media":0,"parent":0,"menu_order":0,"comment_status":"closed","ping_status":"closed","template":"","meta":{"footnotes":""},"class_list":["post-300","page","type-page","status-publish","hentry"],"yoast_head":"<!-- This site is optimized with the Yoast SEO plugin v26.9 - https:\/\/yoast.com\/product\/yoast-seo-wordpress\/ -->\n<title>Impressum - Ginseidank<\/title>\n<meta name=\"robots\" content=\"index, follow, max-snippet:-1, max-image-preview:large, max-video-preview:-1\" \/>\n<link rel=\"canonical\" href=\"https:\/\/ginseidank.de\/podcast\/impressum\/\" \/>\n<meta property=\"og:locale\" content=\"de_DE\" \/>\n<meta property=\"og:type\" content=\"article\" \/>\n<meta property=\"og:title\" content=\"Impressum - Ginseidank\" \/>\n<meta property=\"og:description\" content=\"Impressum Angaben gem\u00e4\u00df \u00a7 5 TMG #Ginseidank Gbr Vertreten durch: Alessandro De Angelis Florian Litzl Kontakt: E-Mail: info@ginseidank.de Verantwortlich f\u00fcr den Inhalt nach \u00a7 55 Abs. 2 RStV: Alessandro De Angelis Pappelweg 11 71706 Markgr\u00f6ningen Haftungsausschluss: Haftung f\u00fcr Links Unser Angebot enth\u00e4lt Links zu externen Webseiten Dritter, auf deren Inhalte wir keinen Einfluss haben. Deshalb &hellip; \u201eImpressum\u201c weiterlesen\" \/>\n<meta property=\"og:url\" content=\"https:\/\/ginseidank.de\/podcast\/impressum\/\" \/>\n<meta property=\"og:site_name\" content=\"Ginseidank\" \/>\n<meta property=\"article:publisher\" content=\"https:\/\/de-de.facebook.com\/ginseidank\" \/>\n<meta property=\"article:modified_time\" content=\"2020-06-02T07:59:25+00:00\" \/>\n<meta name=\"twitter:card\" content=\"summary_large_image\" \/>\n<meta name=\"twitter:label1\" content=\"Gesch\u00e4tzte Lesezeit\" \/>\n\t<meta name=\"twitter:data1\" content=\"1\u00a0Minute\" \/>\n<script type=\"application\/ld+json\" class=\"yoast-schema-graph\">{\"@context\":\"https:\/\/schema.org\",\"@graph\":[{\"@type\":\"WebPage\",\"@id\":\"https:\/\/ginseidank.de\/podcast\/impressum\/\",\"url\":\"https:\/\/ginseidank.de\/podcast\/impressum\/\",\"name\":\"Impressum - Ginseidank\",\"isPartOf\":{\"@id\":\"https:\/\/ginseidank.de\/podcast\/#website\"},\"datePublished\":\"2019-04-21T08:04:42+00:00\",\"dateModified\":\"2020-06-02T07:59:25+00:00\",\"breadcrumb\":{\"@id\":\"https:\/\/ginseidank.de\/podcast\/impressum\/#breadcrumb\"},\"inLanguage\":\"de\",\"potentialAction\":[{\"@type\":\"ReadAction\",\"target\":[\"https:\/\/ginseidank.de\/podcast\/impressum\/\"]}]},{\"@type\":\"BreadcrumbList\",\"@id\":\"https:\/\/ginseidank.de\/podcast\/impressum\/#breadcrumb\",\"itemListElement\":[{\"@type\":\"ListItem\",\"position\":1,\"name\":\"Startseite\",\"item\":\"https:\/\/ginseidank.de\/podcast\/\"},{\"@type\":\"ListItem\",\"position\":2,\"name\":\"Impressum\"}]},{\"@type\":\"WebSite\",\"@id\":\"https:\/\/ginseidank.de\/podcast\/#website\",\"url\":\"https:\/\/ginseidank.de\/podcast\/\",\"name\":\"Ginseidank\",\"description\":\"Podcast \/\/ Gin Tastings \/\/ Events\",\"publisher\":{\"@id\":\"https:\/\/ginseidank.de\/podcast\/#organization\"},\"potentialAction\":[{\"@type\":\"SearchAction\",\"target\":{\"@type\":\"EntryPoint\",\"urlTemplate\":\"https:\/\/ginseidank.de\/podcast\/?s={search_term_string}\"},\"query-input\":{\"@type\":\"PropertyValueSpecification\",\"valueRequired\":true,\"valueName\":\"search_term_string\"}}],\"inLanguage\":\"de\"},{\"@type\":\"Organization\",\"@id\":\"https:\/\/ginseidank.de\/podcast\/#organization\",\"name\":\"Ginseidank Gbr\",\"url\":\"https:\/\/ginseidank.de\/podcast\/\",\"logo\":{\"@type\":\"ImageObject\",\"inLanguage\":\"de\",\"@id\":\"https:\/\/ginseidank.de\/podcast\/#\/schema\/logo\/image\/\",\"url\":\"https:\/\/ginseidank.de\/wp-content\/uploads\/2019\/04\/gsd.jpg\",\"contentUrl\":\"https:\/\/ginseidank.de\/wp-content\/uploads\/2019\/04\/gsd.jpg\",\"width\":4108,\"height\":3202,\"caption\":\"Ginseidank Gbr\"},\"image\":{\"@id\":\"https:\/\/ginseidank.de\/podcast\/#\/schema\/logo\/image\/\"},\"sameAs\":[\"https:\/\/de-de.facebook.com\/ginseidank\",\"https:\/\/www.instagram.com\/ginseidank\"]}]}<\/script>\n<!-- \/ Yoast SEO plugin. -->","yoast_head_json":{"title":"Impressum - Ginseidank","robots":{"index":"index","follow":"follow","max-snippet":"max-snippet:-1","max-image-preview":"max-image-preview:large","max-video-preview":"max-video-preview:-1"},"canonical":"https:\/\/ginseidank.de\/podcast\/impressum\/","og_locale":"de_DE","og_type":"article","og_title":"Impressum - Ginseidank","og_description":"Impressum Angaben gem\u00e4\u00df \u00a7 5 TMG #Ginseidank Gbr Vertreten durch: Alessandro De Angelis Florian Litzl Kontakt: E-Mail: info@ginseidank.de Verantwortlich f\u00fcr den Inhalt nach \u00a7 55 Abs. 2 RStV: Alessandro De Angelis Pappelweg 11 71706 Markgr\u00f6ningen Haftungsausschluss: Haftung f\u00fcr Links Unser Angebot enth\u00e4lt Links zu externen Webseiten Dritter, auf deren Inhalte wir keinen Einfluss haben. Deshalb &hellip; \u201eImpressum\u201c weiterlesen","og_url":"https:\/\/ginseidank.de\/podcast\/impressum\/","og_site_name":"Ginseidank","article_publisher":"https:\/\/de-de.facebook.com\/ginseidank","article_modified_time":"2020-06-02T07:59:25+00:00","twitter_card":"summary_large_image","twitter_misc":{"Gesch\u00e4tzte Lesezeit":"1\u00a0Minute"},"schema":{"@context":"https:\/\/schema.org","@graph":[{"@type":"WebPage","@id":"https:\/\/ginseidank.de\/podcast\/impressum\/","url":"https:\/\/ginseidank.de\/podcast\/impressum\/","name":"Impressum - Ginseidank","isPartOf":{"@id":"https:\/\/ginseidank.de\/podcast\/#website"},"datePublished":"2019-04-21T08:04:42+00:00","dateModified":"2020-06-02T07:59:25+00:00","breadcrumb":{"@id":"https:\/\/ginseidank.de\/podcast\/impressum\/#breadcrumb"},"inLanguage":"de","potentialAction":[{"@type":"ReadAction","target":["https:\/\/ginseidank.de\/podcast\/impressum\/"]}]},{"@type":"BreadcrumbList","@id":"https:\/\/ginseidank.de\/podcast\/impressum\/#breadcrumb","itemListElement":[{"@type":"ListItem","position":1,"name":"Startseite","item":"https:\/\/ginseidank.de\/podcast\/"},{"@type":"ListItem","position":2,"name":"Impressum"}]},{"@type":"WebSite","@id":"https:\/\/ginseidank.de\/podcast\/#website","url":"https:\/\/ginseidank.de\/podcast\/","name":"Ginseidank","description":"Podcast \/\/ Gin Tastings \/\/ Events","publisher":{"@id":"https:\/\/ginseidank.de\/podcast\/#organization"},"potentialAction":[{"@type":"SearchAction","target":{"@type":"EntryPoint","urlTemplate":"https:\/\/ginseidank.de\/podcast\/?s={search_term_string}"},"query-input":{"@type":"PropertyValueSpecification","valueRequired":true,"valueName":"search_term_string"}}],"inLanguage":"de"},{"@type":"Organization","@id":"https:\/\/ginseidank.de\/podcast\/#organization","name":"Ginseidank Gbr","url":"https:\/\/ginseidank.de\/podcast\/","logo":{"@type":"ImageObject","inLanguage":"de","@id":"https:\/\/ginseidank.de\/podcast\/#\/schema\/logo\/image\/","url":"https:\/\/ginseidank.de\/wp-content\/uploads\/2019\/04\/gsd.jpg","contentUrl":"https:\/\/ginseidank.de\/wp-content\/uploads\/2019\/04\/gsd.jpg","width":4108,"height":3202,"caption":"Ginseidank Gbr"},"image":{"@id":"https:\/\/ginseidank.de\/podcast\/#\/schema\/logo\/image\/"},"sameAs":["https:\/\/de-de.facebook.com\/ginseidank","https:\/\/www.instagram.com\/ginseidank"]}]}},"wps_subtitle":"","_links":{"self":[{"href":"https:\/\/ginseidank.de\/podcast\/wp-json\/wp\/v2\/pages\/300","targetHints":{"allow":["GET"]}}],"collection":[{"href":"https:\/\/ginseidank.de\/podcast\/wp-json\/wp\/v2\/pages"}],"about":[{"href":"https:\/\/ginseidank.de\/podcast\/wp-json\/wp\/v2\/types\/page"}],"author":[{"embeddable":true,"href":"https:\/\/ginseidank.de\/podcast\/wp-json\/wp\/v2\/users\/1"}],"replies":[{"embeddable":true,"href":"https:\/\/ginseidank.de\/podcast\/wp-json\/wp\/v2\/comments?post=300"}],"version-history":[{"count":3,"href":"https:\/\/ginseidank.de\/podcast\/wp-json\/wp\/v2\/pages\/300\/revisions"}],"predecessor-version":[{"id":361,"href":"https:\/\/ginseidank.de\/podcast\/wp-json\/wp\/v2\/pages\/300\/revisions\/361"}],"wp:attachment":[{"href":"https:\/\/ginseidank.de\/podcast\/wp-json\/wp\/v2\/media?parent=300"}],"curies":[{"name":"wp","href":"https:\/\/api.w.org\/{rel}","templated":true}]}}