{"id":2,"date":"2016-05-10T03:48:21","date_gmt":"2016-05-10T03:48:21","guid":{"rendered":"http:\/\/ginseidank.de\/?page_id=2"},"modified":"2022-01-27T07:26:46","modified_gmt":"2022-01-27T07:26:46","slug":"sample-page","status":"publish","type":"page","link":"https:\/\/ginseidank.de\/podcast\/sample-page\/","title":{"rendered":"Blog"},"content":{"rendered":"<p>Willkommen auf Ginseidank.de<\/p>\n<p>Wir, der Whugga und der Don haben vor \u00fcber einem Jahr angefangen regelm\u00e4\u00dfig guten Gin zu trinken, irgendwann haben wir uns Gedacht wir teilen diese tollen Abende mit euch.<\/p>\n<p>Darum sind wir hier und freuen uns \u00fcber jeden Besucher.<\/p>\n<p>Zum Lesen gehts <a href=\"https:\/\/ginseidank.de\/podcast\/der-koenig-ist-tot-lang-lebe-der-koenig\/\">hier lang<\/a><\/p>\n","protected":false},"excerpt":{"rendered":"<p>Willkommen auf Ginseidank.de Wir, der Whugga und der Don haben vor \u00fcber einem Jahr angefangen regelm\u00e4\u00dfig guten Gin zu trinken, irgendwann haben wir uns Gedacht wir teilen diese tollen Abende mit euch. Darum sind wir hier und freuen uns \u00fcber jeden Besucher. Zum Lesen gehts hier lang<\/p>\n","protected":false},"author":1,"featured_media":0,"parent":0,"menu_order":0,"comment_status":"closed","ping_status":"open","template":"","meta":{"footnotes":""},"class_list":["post-2","page","type-page","status-publish","hentry"],"yoast_head":"<!-- This site is optimized with the Yoast SEO plugin v26.9 - https:\/\/yoast.com\/product\/yoast-seo-wordpress\/ -->\n<title>Blog - Ginseidank<\/title>\n<meta name=\"robots\" content=\"index, follow, max-snippet:-1, max-image-preview:large, max-video-preview:-1\" \/>\n<link rel=\"canonical\" href=\"https:\/\/ginseidank.de\/podcast\/sample-page\/\" \/>\n<meta property=\"og:locale\" content=\"de_DE\" \/>\n<meta property=\"og:type\" content=\"article\" \/>\n<meta property=\"og:title\" content=\"Blog - Ginseidank\" \/>\n<meta property=\"og:description\" content=\"Willkommen auf Ginseidank.de Wir, der Whugga und der Don haben vor \u00fcber einem Jahr angefangen regelm\u00e4\u00dfig guten Gin zu trinken, irgendwann haben wir uns Gedacht wir teilen diese tollen Abende mit euch. Darum sind wir hier und freuen uns \u00fcber jeden Besucher. Zum Lesen gehts hier lang\" \/>\n<meta property=\"og:url\" content=\"https:\/\/ginseidank.de\/podcast\/sample-page\/\" \/>\n<meta property=\"og:site_name\" content=\"Ginseidank\" \/>\n<meta property=\"article:publisher\" content=\"https:\/\/de-de.facebook.com\/ginseidank\" \/>\n<meta property=\"article:modified_time\" content=\"2022-01-27T07:26:46+00:00\" \/>\n<meta name=\"twitter:card\" content=\"summary_large_image\" \/>\n<meta name=\"twitter:label1\" content=\"Gesch\u00e4tzte Lesezeit\" \/>\n\t<meta name=\"twitter:data1\" content=\"1\u00a0Minute\" \/>\n<script type=\"application\/ld+json\" class=\"yoast-schema-graph\">{\"@context\":\"https:\/\/schema.org\",\"@graph\":[{\"@type\":\"WebPage\",\"@id\":\"https:\/\/ginseidank.de\/podcast\/sample-page\/\",\"url\":\"https:\/\/ginseidank.de\/podcast\/sample-page\/\",\"name\":\"Blog - Ginseidank\",\"isPartOf\":{\"@id\":\"https:\/\/ginseidank.de\/podcast\/#website\"},\"datePublished\":\"2016-05-10T03:48:21+00:00\",\"dateModified\":\"2022-01-27T07:26:46+00:00\",\"breadcrumb\":{\"@id\":\"https:\/\/ginseidank.de\/podcast\/sample-page\/#breadcrumb\"},\"inLanguage\":\"de\",\"potentialAction\":[{\"@type\":\"ReadAction\",\"target\":[\"https:\/\/ginseidank.de\/podcast\/sample-page\/\"]}]},{\"@type\":\"BreadcrumbList\",\"@id\":\"https:\/\/ginseidank.de\/podcast\/sample-page\/#breadcrumb\",\"itemListElement\":[{\"@type\":\"ListItem\",\"position\":1,\"name\":\"Startseite\",\"item\":\"https:\/\/ginseidank.de\/podcast\/\"},{\"@type\":\"ListItem\",\"position\":2,\"name\":\"Blog\"}]},{\"@type\":\"WebSite\",\"@id\":\"https:\/\/ginseidank.de\/podcast\/#website\",\"url\":\"https:\/\/ginseidank.de\/podcast\/\",\"name\":\"Ginseidank\",\"description\":\"Podcast \/\/ Gin Tastings \/\/ Events\",\"publisher\":{\"@id\":\"https:\/\/ginseidank.de\/podcast\/#organization\"},\"potentialAction\":[{\"@type\":\"SearchAction\",\"target\":{\"@type\":\"EntryPoint\",\"urlTemplate\":\"https:\/\/ginseidank.de\/podcast\/?s={search_term_string}\"},\"query-input\":{\"@type\":\"PropertyValueSpecification\",\"valueRequired\":true,\"valueName\":\"search_term_string\"}}],\"inLanguage\":\"de\"},{\"@type\":\"Organization\",\"@id\":\"https:\/\/ginseidank.de\/podcast\/#organization\",\"name\":\"Ginseidank Gbr\",\"url\":\"https:\/\/ginseidank.de\/podcast\/\",\"logo\":{\"@type\":\"ImageObject\",\"inLanguage\":\"de\",\"@id\":\"https:\/\/ginseidank.de\/podcast\/#\/schema\/logo\/image\/\",\"url\":\"https:\/\/ginseidank.de\/wp-content\/uploads\/2019\/04\/gsd.jpg\",\"contentUrl\":\"https:\/\/ginseidank.de\/wp-content\/uploads\/2019\/04\/gsd.jpg\",\"width\":4108,\"height\":3202,\"caption\":\"Ginseidank Gbr\"},\"image\":{\"@id\":\"https:\/\/ginseidank.de\/podcast\/#\/schema\/logo\/image\/\"},\"sameAs\":[\"https:\/\/de-de.facebook.com\/ginseidank\",\"https:\/\/www.instagram.com\/ginseidank\"]}]}<\/script>\n<!-- \/ Yoast SEO plugin. -->","yoast_head_json":{"title":"Blog - Ginseidank","robots":{"index":"index","follow":"follow","max-snippet":"max-snippet:-1","max-image-preview":"max-image-preview:large","max-video-preview":"max-video-preview:-1"},"canonical":"https:\/\/ginseidank.de\/podcast\/sample-page\/","og_locale":"de_DE","og_type":"article","og_title":"Blog - Ginseidank","og_description":"Willkommen auf Ginseidank.de Wir, der Whugga und der Don haben vor \u00fcber einem Jahr angefangen regelm\u00e4\u00dfig guten Gin zu trinken, irgendwann haben wir uns Gedacht wir teilen diese tollen Abende mit euch. Darum sind wir hier und freuen uns \u00fcber jeden Besucher. Zum Lesen gehts hier lang","og_url":"https:\/\/ginseidank.de\/podcast\/sample-page\/","og_site_name":"Ginseidank","article_publisher":"https:\/\/de-de.facebook.com\/ginseidank","article_modified_time":"2022-01-27T07:26:46+00:00","twitter_card":"summary_large_image","twitter_misc":{"Gesch\u00e4tzte Lesezeit":"1\u00a0Minute"},"schema":{"@context":"https:\/\/schema.org","@graph":[{"@type":"WebPage","@id":"https:\/\/ginseidank.de\/podcast\/sample-page\/","url":"https:\/\/ginseidank.de\/podcast\/sample-page\/","name":"Blog - Ginseidank","isPartOf":{"@id":"https:\/\/ginseidank.de\/podcast\/#website"},"datePublished":"2016-05-10T03:48:21+00:00","dateModified":"2022-01-27T07:26:46+00:00","breadcrumb":{"@id":"https:\/\/ginseidank.de\/podcast\/sample-page\/#breadcrumb"},"inLanguage":"de","potentialAction":[{"@type":"ReadAction","target":["https:\/\/ginseidank.de\/podcast\/sample-page\/"]}]},{"@type":"BreadcrumbList","@id":"https:\/\/ginseidank.de\/podcast\/sample-page\/#breadcrumb","itemListElement":[{"@type":"ListItem","position":1,"name":"Startseite","item":"https:\/\/ginseidank.de\/podcast\/"},{"@type":"ListItem","position":2,"name":"Blog"}]},{"@type":"WebSite","@id":"https:\/\/ginseidank.de\/podcast\/#website","url":"https:\/\/ginseidank.de\/podcast\/","name":"Ginseidank","description":"Podcast \/\/ Gin Tastings \/\/ Events","publisher":{"@id":"https:\/\/ginseidank.de\/podcast\/#organization"},"potentialAction":[{"@type":"SearchAction","target":{"@type":"EntryPoint","urlTemplate":"https:\/\/ginseidank.de\/podcast\/?s={search_term_string}"},"query-input":{"@type":"PropertyValueSpecification","valueRequired":true,"valueName":"search_term_string"}}],"inLanguage":"de"},{"@type":"Organization","@id":"https:\/\/ginseidank.de\/podcast\/#organization","name":"Ginseidank Gbr","url":"https:\/\/ginseidank.de\/podcast\/","logo":{"@type":"ImageObject","inLanguage":"de","@id":"https:\/\/ginseidank.de\/podcast\/#\/schema\/logo\/image\/","url":"https:\/\/ginseidank.de\/wp-content\/uploads\/2019\/04\/gsd.jpg","contentUrl":"https:\/\/ginseidank.de\/wp-content\/uploads\/2019\/04\/gsd.jpg","width":4108,"height":3202,"caption":"Ginseidank Gbr"},"image":{"@id":"https:\/\/ginseidank.de\/podcast\/#\/schema\/logo\/image\/"},"sameAs":["https:\/\/de-de.facebook.com\/ginseidank","https:\/\/www.instagram.com\/ginseidank"]}]}},"wps_subtitle":"","_links":{"self":[{"href":"https:\/\/ginseidank.de\/podcast\/wp-json\/wp\/v2\/pages\/2","targetHints":{"allow":["GET"]}}],"collection":[{"href":"https:\/\/ginseidank.de\/podcast\/wp-json\/wp\/v2\/pages"}],"about":[{"href":"https:\/\/ginseidank.de\/podcast\/wp-json\/wp\/v2\/types\/page"}],"author":[{"embeddable":true,"href":"https:\/\/ginseidank.de\/podcast\/wp-json\/wp\/v2\/users\/1"}],"replies":[{"embeddable":true,"href":"https:\/\/ginseidank.de\/podcast\/wp-json\/wp\/v2\/comments?post=2"}],"version-history":[{"count":5,"href":"https:\/\/ginseidank.de\/podcast\/wp-json\/wp\/v2\/pages\/2\/revisions"}],"predecessor-version":[{"id":524,"href":"https:\/\/ginseidank.de\/podcast\/wp-json\/wp\/v2\/pages\/2\/revisions\/524"}],"wp:attachment":[{"href":"https:\/\/ginseidank.de\/podcast\/wp-json\/wp\/v2\/media?parent=2"}],"curies":[{"name":"wp","href":"https:\/\/api.w.org\/{rel}","templated":true}]}}